{"id":386,"date":"2025-10-31T16:52:18","date_gmt":"2025-10-31T15:52:18","guid":{"rendered":"https:\/\/propeller-saintmalo.fr\/?page_id=386"},"modified":"2025-12-04T12:11:06","modified_gmt":"2025-12-04T11:11:06","slug":"trophee-de-linnovation-techno-mer","status":"publish","type":"page","link":"https:\/\/propeller-saintmalo.fr\/index.php\/trophee-de-linnovation-techno-mer\/","title":{"rendered":"Troph\u00e9e de l&rsquo;Innovation Techno Mer"},"content":{"rendered":"\n<p class=\"has-contrast-background-color has-background has-medium-font-size\" style=\"border-width:1px\">Les candidatures sont ouvertes \u00e0 tous ceux qui ont un projet innovant li\u00e9 \u00e0 la mer.<br><br>Les candidat(e)s doivent avoir ou pr\u00e9voir un si\u00e8ge ou un site dans le secteur du \u00ab&nbsp;Grand Saint-Malo&nbsp;\u00bb. Ils peuvent \u00eatre entreprises, associations, universitaires ou particuliers.<br><br>Pour tout renseignement en vue de la prochaine \u00e9dition, merci de nous contacter \u00e0 : contact@propeller-saintmalo.fr<\/p>\n\n\n\n<p>Un grand merci \u00e0 nos partenaires de la pr\u00e9c\u00e9dente \u00e9dition :<\/p>\n\n\n\n<figure class=\"wp-block-image size-full is-resized\"><img loading=\"lazy\" decoding=\"async\" width=\"807\" height=\"200\" src=\"https:\/\/propeller-saintmalo.fr\/wp-content\/uploads\/2024\/07\/Logos-partenaires-2-1.png\" alt=\"\" class=\"wp-image-213\" style=\"width:820px;height:auto\" srcset=\"https:\/\/propeller-saintmalo.fr\/wp-content\/uploads\/2024\/07\/Logos-partenaires-2-1.png 807w, https:\/\/propeller-saintmalo.fr\/wp-content\/uploads\/2024\/07\/Logos-partenaires-2-1-300x74.png 300w, https:\/\/propeller-saintmalo.fr\/wp-content\/uploads\/2024\/07\/Logos-partenaires-2-1-768x190.png 768w\" sizes=\"auto, (max-width: 807px) 100vw, 807px\" \/><\/figure>\n","protected":false},"excerpt":{"rendered":"<p>Les candidatures sont ouvertes \u00e0 tous ceux qui ont un projet innovant li\u00e9 \u00e0 la mer. Les candidat(e)s doivent avoir ou pr\u00e9voir un si\u00e8ge ou un site dans le secteur du \u00ab&nbsp;Grand Saint-Malo&nbsp;\u00bb. Ils peuvent \u00eatre entreprises, associations, universitaires ou particuliers. Pour tout renseignement en vue de la prochaine \u00e9dition, merci de nous contacter \u00e0 [&hellip;]<\/p>\n","protected":false},"author":1,"featured_media":82,"parent":0,"menu_order":0,"comment_status":"closed","ping_status":"closed","template":"","meta":{"footnotes":""},"class_list":["post-386","page","type-page","status-publish","has-post-thumbnail","hentry"],"_links":{"self":[{"href":"https:\/\/propeller-saintmalo.fr\/index.php\/wp-json\/wp\/v2\/pages\/386","targetHints":{"allow":["GET"]}}],"collection":[{"href":"https:\/\/propeller-saintmalo.fr\/index.php\/wp-json\/wp\/v2\/pages"}],"about":[{"href":"https:\/\/propeller-saintmalo.fr\/index.php\/wp-json\/wp\/v2\/types\/page"}],"author":[{"embeddable":true,"href":"https:\/\/propeller-saintmalo.fr\/index.php\/wp-json\/wp\/v2\/users\/1"}],"replies":[{"embeddable":true,"href":"https:\/\/propeller-saintmalo.fr\/index.php\/wp-json\/wp\/v2\/comments?post=386"}],"version-history":[{"count":6,"href":"https:\/\/propeller-saintmalo.fr\/index.php\/wp-json\/wp\/v2\/pages\/386\/revisions"}],"predecessor-version":[{"id":510,"href":"https:\/\/propeller-saintmalo.fr\/index.php\/wp-json\/wp\/v2\/pages\/386\/revisions\/510"}],"wp:featuredmedia":[{"embeddable":true,"href":"https:\/\/propeller-saintmalo.fr\/index.php\/wp-json\/wp\/v2\/media\/82"}],"wp:attachment":[{"href":"https:\/\/propeller-saintmalo.fr\/index.php\/wp-json\/wp\/v2\/media?parent=386"}],"curies":[{"name":"wp","href":"https:\/\/api.w.org\/{rel}","templated":true}]}}