{"id":394,"date":"2025-10-31T17:12:59","date_gmt":"2025-10-31T16:12:59","guid":{"rendered":"https:\/\/propeller-saintmalo.fr\/?page_id=394"},"modified":"2025-12-04T12:09:30","modified_gmt":"2025-12-04T11:09:30","slug":"parrainage-de-jeunes-etudiants-de-lensm","status":"publish","type":"page","link":"https:\/\/propeller-saintmalo.fr\/index.php\/parrainage-de-jeunes-etudiants-de-lensm\/","title":{"rendered":"Parrainage de Jeunes Etudiants de l&rsquo;ENSM"},"content":{"rendered":"\n<p class=\"has-contrast-background-color has-background\" style=\"border-width:1px\">Le Propeller Club de Saint-Malo parraine r\u00e9guli\u00e8rement de jeunes \u00e9tudiants de l&rsquo;ENSM (Ecole Nationale Sup\u00e9rieure Maritime) pour leur permettre de participer \u00e0 la convention annuelle Internationale du Propeller.<br><br>Cette ann\u00e9e 2025 ce sont Paul et Youri qui sont partis \u00e0 la convention qui se d\u00e9roulait \u00e0 Lyon.<\/p>\n","protected":false},"excerpt":{"rendered":"<p>Le Propeller Club de Saint-Malo parraine r\u00e9guli\u00e8rement de jeunes \u00e9tudiants de l&rsquo;ENSM (Ecole Nationale Sup\u00e9rieure Maritime) pour leur permettre de participer \u00e0 la convention annuelle Internationale du Propeller. Cette ann\u00e9e 2025 ce sont Paul et Youri qui sont partis \u00e0 la convention qui se d\u00e9roulait \u00e0 Lyon.<\/p>\n","protected":false},"author":1,"featured_media":0,"parent":0,"menu_order":0,"comment_status":"closed","ping_status":"closed","template":"","meta":{"footnotes":""},"class_list":["post-394","page","type-page","status-publish","hentry"],"_links":{"self":[{"href":"https:\/\/propeller-saintmalo.fr\/index.php\/wp-json\/wp\/v2\/pages\/394","targetHints":{"allow":["GET"]}}],"collection":[{"href":"https:\/\/propeller-saintmalo.fr\/index.php\/wp-json\/wp\/v2\/pages"}],"about":[{"href":"https:\/\/propeller-saintmalo.fr\/index.php\/wp-json\/wp\/v2\/types\/page"}],"author":[{"embeddable":true,"href":"https:\/\/propeller-saintmalo.fr\/index.php\/wp-json\/wp\/v2\/users\/1"}],"replies":[{"embeddable":true,"href":"https:\/\/propeller-saintmalo.fr\/index.php\/wp-json\/wp\/v2\/comments?post=394"}],"version-history":[{"count":4,"href":"https:\/\/propeller-saintmalo.fr\/index.php\/wp-json\/wp\/v2\/pages\/394\/revisions"}],"predecessor-version":[{"id":507,"href":"https:\/\/propeller-saintmalo.fr\/index.php\/wp-json\/wp\/v2\/pages\/394\/revisions\/507"}],"wp:attachment":[{"href":"https:\/\/propeller-saintmalo.fr\/index.php\/wp-json\/wp\/v2\/media?parent=394"}],"curies":[{"name":"wp","href":"https:\/\/api.w.org\/{rel}","templated":true}]}}