{"id":5,"date":"2023-11-12T17:54:59","date_gmt":"2023-11-12T16:54:59","guid":{"rendered":"https:\/\/propeller-saintmalo.fr\/?page_id=5"},"modified":"2026-03-04T14:29:59","modified_gmt":"2026-03-04T13:29:59","slug":"propeller-club-saint-malo","status":"publish","type":"page","link":"https:\/\/propeller-saintmalo.fr\/","title":{"rendered":"Bienvenue"},"content":{"rendered":"\n<p class=\"has-text-align-left has-contrast-background-color has-background\" style=\"border-width:2px\">Le Propeller Club de Saint-Malo, rattach\u00e9 \u00e0 la \u00ab\u00a0French Speaking Region\u00a0\u00bb, est membre de l&rsquo;International Propeller Club, r\u00e9seau de professionnels, d\u00e9di\u00e9 \u00e0 la promotion de l&rsquo;industrie maritime, au commerce et au n\u00e9goce international.<br><br>Le Propeller Club de Saint-Malo a \u00e9t\u00e9 cr\u00e9\u00e9 en 1988 par Pierre Y. BROCHAND Capitaine au long cours.<br><br>Vous trouverez sur notre site toutes les informations relatives \u00e0 nos activit\u00e9s.<br><br>Si vous souhaitez rejoindre notre r\u00e9seau de professionnels, actifs et actifs retrait\u00e9s, n&rsquo;h\u00e9sitez pas et postulez via notre page <a href=\"https:\/\/propeller-saintmalo.fr\/index.php\/contact\/\" data-type=\"page\" data-id=\"7\">Contact<\/a> !<\/p>\n","protected":false},"excerpt":{"rendered":"<p>Le Propeller Club de Saint-Malo, rattach\u00e9 \u00e0 la \u00ab\u00a0French Speaking Region\u00a0\u00bb, est membre de l&rsquo;International Propeller Club, r\u00e9seau de professionnels, d\u00e9di\u00e9 \u00e0 la promotion de l&rsquo;industrie maritime, au commerce et au n\u00e9goce international. Le Propeller Club de Saint-Malo a \u00e9t\u00e9 cr\u00e9\u00e9 en 1988 par Pierre Y. BROCHAND Capitaine au long cours. Vous trouverez sur notre [&hellip;]<\/p>\n","protected":false},"author":1,"featured_media":0,"parent":0,"menu_order":0,"comment_status":"closed","ping_status":"closed","template":"","meta":{"footnotes":""},"class_list":["post-5","page","type-page","status-publish","hentry"],"_links":{"self":[{"href":"https:\/\/propeller-saintmalo.fr\/index.php\/wp-json\/wp\/v2\/pages\/5","targetHints":{"allow":["GET"]}}],"collection":[{"href":"https:\/\/propeller-saintmalo.fr\/index.php\/wp-json\/wp\/v2\/pages"}],"about":[{"href":"https:\/\/propeller-saintmalo.fr\/index.php\/wp-json\/wp\/v2\/types\/page"}],"author":[{"embeddable":true,"href":"https:\/\/propeller-saintmalo.fr\/index.php\/wp-json\/wp\/v2\/users\/1"}],"replies":[{"embeddable":true,"href":"https:\/\/propeller-saintmalo.fr\/index.php\/wp-json\/wp\/v2\/comments?post=5"}],"version-history":[{"count":41,"href":"https:\/\/propeller-saintmalo.fr\/index.php\/wp-json\/wp\/v2\/pages\/5\/revisions"}],"predecessor-version":[{"id":557,"href":"https:\/\/propeller-saintmalo.fr\/index.php\/wp-json\/wp\/v2\/pages\/5\/revisions\/557"}],"wp:attachment":[{"href":"https:\/\/propeller-saintmalo.fr\/index.php\/wp-json\/wp\/v2\/media?parent=5"}],"curies":[{"name":"wp","href":"https:\/\/api.w.org\/{rel}","templated":true}]}}